{"id":184,"date":"2011-08-08T23:16:27","date_gmt":"2011-08-08T22:16:27","guid":{"rendered":"http:\/\/blog.andresgomez.org\/?page_id=184"},"modified":"2016-04-04T16:30:06","modified_gmt":"2016-04-04T13:30:06","slug":"legal-notice","status":"publish","type":"page","link":"https:\/\/blog.andresgomez.org\/es\/legal-notice\/","title":{"rendered":"Nota legal (?)"},"content":{"rendered":"<p>La autor\u00eda de las opiniones vertidas en este blog pertenece en su totalidad a Andr\u00e9s G\u00f3mez y, de ninguna manera, puede entenderse como las de cualquier otra entidad, incluyendo pero no restringido a <a href=\"http:\/\/www.igalia.com\" title=\"Igalia\" target=\"_blank\">Igalia<\/a>, la compa\u00f1\u00eda en la que actualmente desempe\u00f1a su puesto de trabajo.<\/p>","protected":false},"excerpt":{"rendered":"<p>La autor\u00eda de las opiniones vertidas en este blog pertenece en su totalidad a Andr\u00e9s G\u00f3mez y, de ninguna manera, puede entenderse como las de cualquier otra entidad, incluyendo pero no restringido a Igalia, la compa\u00f1\u00eda en la que actualmente &hellip; <a href=\"https:\/\/blog.andresgomez.org\/es\/legal-notice\/\">Sigue leyendo <span class=\"meta-nav\">&rarr;<\/span><\/a><\/p>\n","protected":false},"author":1,"featured_media":0,"parent":0,"menu_order":0,"comment_status":"closed","ping_status":"closed","template":"","meta":{"footnotes":""},"class_list":["post-184","page","type-page","status-publish","hentry"],"_links":{"self":[{"href":"https:\/\/blog.andresgomez.org\/es\/wp-json\/wp\/v2\/pages\/184"}],"collection":[{"href":"https:\/\/blog.andresgomez.org\/es\/wp-json\/wp\/v2\/pages"}],"about":[{"href":"https:\/\/blog.andresgomez.org\/es\/wp-json\/wp\/v2\/types\/page"}],"author":[{"embeddable":true,"href":"https:\/\/blog.andresgomez.org\/es\/wp-json\/wp\/v2\/users\/1"}],"replies":[{"embeddable":true,"href":"https:\/\/blog.andresgomez.org\/es\/wp-json\/wp\/v2\/comments?post=184"}],"version-history":[{"count":7,"href":"https:\/\/blog.andresgomez.org\/es\/wp-json\/wp\/v2\/pages\/184\/revisions"}],"predecessor-version":[{"id":865,"href":"https:\/\/blog.andresgomez.org\/es\/wp-json\/wp\/v2\/pages\/184\/revisions\/865"}],"wp:attachment":[{"href":"https:\/\/blog.andresgomez.org\/es\/wp-json\/wp\/v2\/media?parent=184"}],"curies":[{"name":"wp","href":"https:\/\/api.w.org\/{rel}","templated":true}]}}