{"id":64,"date":"2006-01-20T12:51:29","date_gmt":"2006-01-20T11:51:29","guid":{"rendered":"http:\/\/andresgomez.org\/blog\/?page_id=64"},"modified":"2016-04-04T16:29:37","modified_gmt":"2016-04-04T13:29:37","slug":"about","status":"publish","type":"page","link":"https:\/\/blog.andresgomez.org\/es\/about\/","title":{"rendered":"Yo"},"content":{"rendered":"<p><img decoding=\"async\" src=\"http:\/\/farm4.static.flickr.com\/3238\/3027027517_2cec64043f_o.jpg\" alt=\"Andr\u00e9s G\u00f3mez\" \/><\/p>\n<p>Andr\u00e9s G\u00f3mez (Tanty) es un ingeniero inform\u00e1tico originario de Le\u00f3n. Actualmente trabaja para <a href=\"http:\/\/www.igalia.com\/nc\/igalia-247\/igalian\/item\/agomez\/\" target=\"_blank\">Igalia<\/a>, una empresa dedicada al Software libre con sede en A Coru\u00f1a.<\/p>","protected":false},"excerpt":{"rendered":"<p>Andr\u00e9s G\u00f3mez (Tanty) es un ingeniero inform\u00e1tico originario de Le\u00f3n. Actualmente trabaja para Igalia, una empresa dedicada al Software libre con sede en A Coru\u00f1a.<\/p>\n","protected":false},"author":1,"featured_media":0,"parent":0,"menu_order":0,"comment_status":"closed","ping_status":"closed","template":"","meta":{"footnotes":""},"class_list":["post-64","page","type-page","status-publish","hentry"],"_links":{"self":[{"href":"https:\/\/blog.andresgomez.org\/es\/wp-json\/wp\/v2\/pages\/64"}],"collection":[{"href":"https:\/\/blog.andresgomez.org\/es\/wp-json\/wp\/v2\/pages"}],"about":[{"href":"https:\/\/blog.andresgomez.org\/es\/wp-json\/wp\/v2\/types\/page"}],"author":[{"embeddable":true,"href":"https:\/\/blog.andresgomez.org\/es\/wp-json\/wp\/v2\/users\/1"}],"replies":[{"embeddable":true,"href":"https:\/\/blog.andresgomez.org\/es\/wp-json\/wp\/v2\/comments?post=64"}],"version-history":[{"count":7,"href":"https:\/\/blog.andresgomez.org\/es\/wp-json\/wp\/v2\/pages\/64\/revisions"}],"predecessor-version":[{"id":863,"href":"https:\/\/blog.andresgomez.org\/es\/wp-json\/wp\/v2\/pages\/64\/revisions\/863"}],"wp:attachment":[{"href":"https:\/\/blog.andresgomez.org\/es\/wp-json\/wp\/v2\/media?parent=64"}],"curies":[{"name":"wp","href":"https:\/\/api.w.org\/{rel}","templated":true}]}}